{"id":3,"date":"2024-02-21T19:22:55","date_gmt":"2024-02-21T19:22:55","guid":{"rendered":"https:\/\/asesordeldescanso.com\/?page_id=3"},"modified":"2025-06-24T18:42:31","modified_gmt":"2025-06-24T18:42:31","slug":"avisodeprivacidad","status":"publish","type":"page","link":"https:\/\/asesordeldescanso.com\/?page_id=3","title":{"rendered":"Aviso de Privacidad"},"content":{"rendered":"\t\t<div data-elementor-type=\"wp-page\" data-elementor-id=\"3\" class=\"elementor elementor-3\">\n\t\t\t\t<div class=\"elementor-element elementor-element-48b5cf9 e-flex e-con-boxed wpr-particle-no wpr-jarallax-no wpr-parallax-no wpr-sticky-section-no wpr-equal-height-no e-con e-parent\" data-id=\"48b5cf9\" data-element_type=\"container\" data-e-type=\"container\">\n\t\t\t\t\t<div class=\"e-con-inner\">\n\t\t\t\t<div class=\"elementor-element elementor-element-18e3f3e7 elementor-widget elementor-widget-text-editor\" data-id=\"18e3f3e7\" data-element_type=\"widget\" data-e-type=\"widget\" data-widget_type=\"text-editor.default\">\n\t\t\t\t<div class=\"elementor-widget-container\">\n\t\t\t\t\t\t\t\t\t<div id=\"pu69-6\" class=\"clearfix colelem\">\n<div id=\"u69-6\" class=\"clearfix grpelem\">\n<p>De conformidad con lo previsto en la Ley Federal de Protecci\u00f3n de Datos Personales en Posesi\u00f3n de los Particulares (en lo sucesivo denominada como \u201cLa Ley\u201d ), nos permitimos solicitarle leer cuidadosamente los T\u00e9rminos y Condiciones contenidos en este texto, ya que la simple aportaci\u00f3n que haga de sus datos personales constituye la aceptaci\u00f3n de estos T\u00e9rminos y Condiciones:<\/p>\n<p>Dep\u00f3sitos Dormimundo, S.A. de C.V., ser\u00e1 la \u201cResponsable\u201d de su informaci\u00f3n personal.<\/p>\n<\/div>\n<div id=\"_u71-4-f3s_top\" class=\"_u71-4 f3s_top\">&nbsp;<\/div>\n<div id=\"_u71-4-f3s_mid\" class=\"_u71-4 f3s_mid clearfix\">\n<div id=\"u71-4position_content\" class=\"position_content clearfix\">\n<p>\u201cAVISO DE PRIVACIDAD\u201d<\/p>\n<\/div>\n<\/div>\n<\/div>\n<div id=\"u70-29\" class=\"clearfix colelem\">\n<p id=\"u70-2\">1. El domicilio de dicha sociedad mercantil es Calle Cafetal No. 116, Col. Granjas M\u00e9xico, Delegaci\u00f3n Iztacalco, 08400, M\u00e9xico, D.F.<\/p>\n<p id=\"u70-3\">\n<\/p><p id=\"u70-5\">2. Los t\u00e9rminos \u201cdatos personales\u201d tendr\u00e1n el significado que se les atribuye en el art\u00edculo 3 de la Ley.<\/p>\n<p id=\"u70-8\">3. Los datos personales que usted pueda proporcionar al Responsable tendr\u00e1n el uso que en forma enunciativa pero no limitativa se describe a continuaci\u00f3n:<\/p>\n<p id=\"u70-11\">\u2022 Para proveerle de bienes y servicios, informarle de promociones e identificarle en cualquier relaci\u00f3n que tenga con nosotros, para la evaluaci\u00f3n de la calidad de nuestros servicios y medici\u00f3n de sus h\u00e1bitos de consumo,&nbsp; as\u00ed como su transmisi\u00f3n a terceros relacionados con la interacci\u00f3n comercial que tiene con Dep\u00f3sitos Dormimundo, S.A. de C.V., por cualquier medio que permita La Ley. La temporalidad del manejo de los Datos Personales ser\u00e1 indefinida a partir de la fecha en que usted los proporcion\u00f3 al Responsable, desde luego usted podr\u00e1 oponerse en cualquier momento que lo considere oportuno dando aviso por escrito.<\/p>\n<p id=\"u70-14\">4. Una vez que usted entregue al Responsable sus Datos Personales, le manifestamos que estos ser\u00e1n conservados en diferentes medios seguros que la tecnolog\u00eda permita, cuyo acceso estar\u00e1 limitado solamente a las personas f\u00edsicas y\/o morales con las que el Responsable tenga alguna relaci\u00f3n. El Responsable contar\u00e1 con las medidas de seguridad que considere adecuadas para proteger el uso de sus Datos Personales por parte de terceros no autorizados. En caso de requerimiento de alguna autoridad, los datos Personales podr\u00e1n ponerse a disposici\u00f3n de estas, dentro del estricto cumplimiento a la Ley.<\/p>\n<p id=\"u70-17\">5.&nbsp; El tratamiento de sus datos Personales, que se han puesto a disposici\u00f3n del Responsable bajo cualquier forma o circunstancias, podr\u00e1 ser utilizado por el Responsable de conformidad con los presentes t\u00e9rminos y condiciones, por lo que desde este momento se entiende que usted autoriza expresamente al Responsable para tal efecto, hasta en tanto usted manifieste su oposici\u00f3n&nbsp;&nbsp;&nbsp;&nbsp; mediante alguno de los medios que indica la Ley.<\/p>\n<p id=\"u70-20\">6. Usted tendr\u00e1 en todo momento el acceso a sus Datos Personales, ya sea para solicitar su rectificaci\u00f3n, cancelaci\u00f3n u oposici\u00f3n de conformidad con lo dispuesto en la Ley, en forma escrita o electr\u00f3nica, dirigiendo su mensaje a Dep\u00f3sitos Dormimundo, S.A. de C.V., al domicilio antes mencionado o en la siguiente direcci\u00f3n de correo electr\u00f3nico datos@dormimundo.com.mx&nbsp; y confirmar la correcta recepci\u00f3n de su mensaje. Para lo anterior, deber\u00e1 hacernos saber fehacientemente los Datos Personales que usted desea sean rectificados, cancelados o revisados.<\/p>\n<p id=\"u70-23\">7.&nbsp; En el caso de que el Responsable requiera usar sus Datos Personales con fines&nbsp;&nbsp; diferentes a los se\u00f1alados en el presente Aviso de Privacidad, previamente contactar\u00e1 con usted ya sea en forma escrita, telef\u00f3nica, electr\u00f3nica o por cualquier medio \u00f3ptico, sonoro, visual u \u00f3ptico que la tecnolog\u00eda permita ahora o en la futuro y le explicara los nuevos usos que pretenda darle a dicha informaci\u00f3n&nbsp;&nbsp;&nbsp;&nbsp; a fin de recabar su autorizaci\u00f3n o rechazo.<\/p>\n<p id=\"u70-26\">Fecha de \u00faltima actualizaci\u00f3n de este Aviso de Privacidad: 20\/Enero\/2024.<\/p>\n<\/div>\n<p><!-- \/wp:paragraph --><\/p>\t\t\t\t\t\t\t\t<\/div>\n\t\t\t\t<\/div>\n\t\t\t\t\t<\/div>\n\t\t\t\t<\/div>\n\t\t\t\t<\/div>\n\t\t","protected":false},"excerpt":{"rendered":"<p>De conformidad con lo previsto en la Ley Federal de Protecci\u00f3n de Datos Personales en Posesi\u00f3n de los Particulares (en lo sucesivo denominada como \u201cLa Ley\u201d ), nos permitimos solicitarle leer cuidadosamente los T\u00e9rminos y Condiciones contenidos en este texto, ya que la simple aportaci\u00f3n que haga de sus datos personales constituye la aceptaci\u00f3n de estos T\u00e9rminos y Condiciones: Dep\u00f3sitos Dormimundo, S.A. de C.V., ser\u00e1 la \u201cResponsable\u201d de su informaci\u00f3n personal. &nbsp; \u201cAVISO DE PRIVACIDAD\u201d 1. El domicilio de dicha sociedad mercantil es Calle Cafetal No. 116, Col. Granjas M\u00e9xico, Delegaci\u00f3n Iztacalco, 08400, M\u00e9xico, D.F. 2. Los t\u00e9rminos \u201cdatos personales\u201d tendr\u00e1n el significado que se les atribuye en el art\u00edculo 3 de la Ley. 3. Los datos personales que usted pueda proporcionar al Responsable tendr\u00e1n el uso que en forma enunciativa pero no limitativa se describe a continuaci\u00f3n: \u2022 Para proveerle de bienes y servicios, informarle de promociones e identificarle en cualquier relaci\u00f3n que tenga con nosotros, para la evaluaci\u00f3n de la calidad de nuestros servicios y medici\u00f3n de sus h\u00e1bitos de consumo,&nbsp; as\u00ed como su transmisi\u00f3n a terceros relacionados con la interacci\u00f3n comercial que tiene con Dep\u00f3sitos Dormimundo, S.A. de C.V., por cualquier medio que permita La Ley. La temporalidad del manejo de los Datos Personales ser\u00e1 indefinida a partir de la fecha en que usted los proporcion\u00f3 al Responsable, desde luego usted podr\u00e1 oponerse en cualquier momento que lo considere oportuno dando aviso por escrito. 4. Una vez que usted entregue al Responsable sus Datos Personales, le manifestamos que estos ser\u00e1n conservados en diferentes medios seguros que la tecnolog\u00eda permita, cuyo acceso estar\u00e1 limitado solamente a las personas f\u00edsicas y\/o morales con las que el Responsable tenga alguna relaci\u00f3n. El Responsable contar\u00e1 con las medidas de seguridad que considere adecuadas para proteger el uso de sus Datos Personales por parte de terceros no autorizados. En caso de requerimiento de alguna autoridad, los datos Personales podr\u00e1n ponerse a disposici\u00f3n de estas, dentro del estricto cumplimiento a la Ley. 5.&nbsp; El tratamiento de sus datos Personales, que se han puesto a disposici\u00f3n del Responsable bajo cualquier forma o circunstancias, podr\u00e1 ser utilizado por el Responsable de conformidad con los presentes t\u00e9rminos y condiciones, por lo que desde este momento se entiende que usted autoriza expresamente al Responsable para tal efecto, hasta en tanto usted manifieste su oposici\u00f3n&nbsp;&nbsp;&nbsp;&nbsp; mediante alguno de los medios que indica la Ley. 6. Usted tendr\u00e1 en todo momento el acceso a sus Datos Personales, ya sea para solicitar su rectificaci\u00f3n, cancelaci\u00f3n u oposici\u00f3n de conformidad con lo dispuesto en la Ley, en forma escrita o electr\u00f3nica, dirigiendo su mensaje a Dep\u00f3sitos Dormimundo, S.A. de C.V., al domicilio antes mencionado o en la siguiente direcci\u00f3n de correo electr\u00f3nico datos@dormimundo.com.mx&nbsp; y confirmar la correcta recepci\u00f3n de su mensaje. Para lo anterior, deber\u00e1 hacernos saber fehacientemente los Datos Personales que usted desea sean rectificados, cancelados o revisados. 7.&nbsp; En el caso de que el Responsable requiera usar sus Datos Personales con fines&nbsp;&nbsp; diferentes a los se\u00f1alados en el presente Aviso de Privacidad, previamente contactar\u00e1 con usted ya sea en forma escrita, telef\u00f3nica, electr\u00f3nica o por cualquier medio \u00f3ptico, sonoro, visual u \u00f3ptico que la tecnolog\u00eda permita ahora o en la futuro y le explicara los nuevos usos que pretenda darle a dicha informaci\u00f3n&nbsp;&nbsp;&nbsp;&nbsp; a fin de recabar su autorizaci\u00f3n o rechazo. Fecha de \u00faltima actualizaci\u00f3n de este Aviso de Privacidad: 20\/Enero\/2024.<\/p>\n","protected":false},"author":1,"featured_media":0,"parent":0,"menu_order":0,"comment_status":"closed","ping_status":"closed","template":"","meta":{"footnotes":""},"class_list":["post-3","page","type-page","status-publish","hentry"],"_links":{"self":[{"href":"https:\/\/asesordeldescanso.com\/index.php?rest_route=\/wp\/v2\/pages\/3","targetHints":{"allow":["GET"]}}],"collection":[{"href":"https:\/\/asesordeldescanso.com\/index.php?rest_route=\/wp\/v2\/pages"}],"about":[{"href":"https:\/\/asesordeldescanso.com\/index.php?rest_route=\/wp\/v2\/types\/page"}],"author":[{"embeddable":true,"href":"https:\/\/asesordeldescanso.com\/index.php?rest_route=\/wp\/v2\/users\/1"}],"replies":[{"embeddable":true,"href":"https:\/\/asesordeldescanso.com\/index.php?rest_route=%2Fwp%2Fv2%2Fcomments&post=3"}],"version-history":[{"count":13,"href":"https:\/\/asesordeldescanso.com\/index.php?rest_route=\/wp\/v2\/pages\/3\/revisions"}],"predecessor-version":[{"id":905,"href":"https:\/\/asesordeldescanso.com\/index.php?rest_route=\/wp\/v2\/pages\/3\/revisions\/905"}],"wp:attachment":[{"href":"https:\/\/asesordeldescanso.com\/index.php?rest_route=%2Fwp%2Fv2%2Fmedia&parent=3"}],"curies":[{"name":"wp","href":"https:\/\/api.w.org\/{rel}","templated":true}]}}